{"id":2,"date":"2011-07-13T07:50:15","date_gmt":"2011-07-13T07:50:15","guid":{"rendered":"http:\/\/dontworryeatcurry.ch\/blog\/?page_id=2"},"modified":"2012-12-19T21:47:19","modified_gmt":"2012-12-19T21:47:19","slug":"sample-page","status":"publish","type":"page","link":"https:\/\/dontworryeatcurry.ch\/blog\/?page_id=2","title":{"rendered":"Charity"},"content":{"rendered":"<p>Jedes Team muss Sponsoringbeitr\u00e4ge in der H\u00f6he von mindestens 1&#8217;000 Pfund stellen. Der gesamte Erl\u00f6s kommt einer Organisation namens <a href=\"http:\/\/www.frankwater.com\/\">Frank Water<\/a> zugute, welche Wasserversorgungsprojekte in Indien unterst\u00fctzt. Gute Sache. Gehen wir auch anschauen, wenn es an der Route liegt.<\/p>\n<p><a href=\"http:\/\/dontworryeatcurry.ch\/blog\/wp-content\/uploads\/2011\/07\/FRANKWater_copy.jpg\"><img loading=\"lazy\" class=\"alignleft size-full wp-image-96\" title=\"FRANKWater_copy\" src=\"http:\/\/dontworryeatcurry.ch\/blog\/wp-content\/uploads\/2011\/07\/FRANKWater_copy.jpg\" alt=\"\" width=\"256\" height=\"64\" \/><\/a><\/p>\n<p><a href=\"http:\/\/www.theadventurists.com\/the-jibber\/indian-village-poreddy-pally-now-has-clean-water-thanks-to-rickshaw-run-teams-frank-water-projects\">Hier auch ein Beispiel<\/a>, wie das Geld letztj\u00e4hriger Runs verwendet wurde.<\/p>\n<p>Du kannst dich in folgenden Stufen an den Charities beteiligen. Bitte einfach das Formular unten ausf\u00fcllen &#8211; du kannst unter <a href=\"http:\/\/www.justgiving.com\/dontworryeatcurry\">justgiving.com<\/a> einbezahlen . Aber wenn du uns pers\u00f6nlich kennst, musst du dir keine Sorgen machen &#8211; wir werden dich dann schon noch anpumpen.<\/p>\n<table width=\"629\" border=\"0\" cellspacing=\"0\" cellpadding=\"0\">\n<tbody>\n<tr>\n<td valign=\"bottom\" nowrap=\"nowrap\" width=\"92\">Curry<\/td>\n<td valign=\"bottom\" nowrap=\"nowrap\" width=\"92\">CHF 10.00<\/td>\n<td valign=\"bottom\" nowrap=\"nowrap\" width=\"445\">1 Dosis Curry<\/td>\n<\/tr>\n<tr>\n<td valign=\"bottom\" nowrap=\"nowrap\" width=\"92\">Guru<\/td>\n<td valign=\"bottom\" nowrap=\"nowrap\" width=\"92\">CHF 20.00<\/td>\n<td valign=\"bottom\" nowrap=\"nowrap\" width=\"445\">1 Dosis Curry \/ 1 Postkarte<\/td>\n<\/tr>\n<tr>\n<td valign=\"bottom\" nowrap=\"nowrap\" width=\"92\">Karma<\/td>\n<td valign=\"bottom\" nowrap=\"nowrap\" width=\"92\">CHF 50.00<\/td>\n<td valign=\"bottom\" nowrap=\"nowrap\" width=\"445\">1 Dosis Curry \/ 1 Postkarte \/ 1 Ehrenmeldung auf Ricksha<\/td>\n<\/tr>\n<tr>\n<td valign=\"bottom\" nowrap=\"nowrap\" width=\"92\">Nirvana<\/td>\n<td valign=\"bottom\" nowrap=\"nowrap\" width=\"92\">CHF 100.00<\/td>\n<td valign=\"bottom\" nowrap=\"nowrap\" width=\"445\">1 Dosis Curry \/ 1 Postkarte \/ 1 Ehrenmeldung auf Ricksha<br \/>\n\/ 1 Pack Raucherst\u00e4bchen<\/td>\n<\/tr>\n<\/tbody>\n<\/table>\n<p>[contact-form 1 &#8220;Contact form 1&#8221;]<\/p>\n","protected":false},"excerpt":{"rendered":"<p>Jedes Team muss Sponsoringbeitr\u00e4ge in der H\u00f6he von mindestens 1&#8217;000 Pfund stellen. Der gesamte Erl\u00f6s kommt einer Organisation namens Frank Water zugute, welche Wasserversorgungsprojekte in Indien unterst\u00fctzt. Gute Sache. Gehen wir auch anschauen, wenn es an der Route liegt. Hier auch ein Beispiel, wie das Geld letztj\u00e4hriger Runs verwendet wurde. Du kannst dich in folgenden [&hellip;]<\/p>\n","protected":false},"author":1,"featured_media":0,"parent":0,"menu_order":0,"comment_status":"open","ping_status":"open","template":"","meta":[],"_links":{"self":[{"href":"https:\/\/dontworryeatcurry.ch\/blog\/index.php?rest_route=\/wp\/v2\/pages\/2"}],"collection":[{"href":"https:\/\/dontworryeatcurry.ch\/blog\/index.php?rest_route=\/wp\/v2\/pages"}],"about":[{"href":"https:\/\/dontworryeatcurry.ch\/blog\/index.php?rest_route=\/wp\/v2\/types\/page"}],"author":[{"embeddable":true,"href":"https:\/\/dontworryeatcurry.ch\/blog\/index.php?rest_route=\/wp\/v2\/users\/1"}],"replies":[{"embeddable":true,"href":"https:\/\/dontworryeatcurry.ch\/blog\/index.php?rest_route=%2Fwp%2Fv2%2Fcomments&post=2"}],"version-history":[{"count":18,"href":"https:\/\/dontworryeatcurry.ch\/blog\/index.php?rest_route=\/wp\/v2\/pages\/2\/revisions"}],"predecessor-version":[{"id":51,"href":"https:\/\/dontworryeatcurry.ch\/blog\/index.php?rest_route=\/wp\/v2\/pages\/2\/revisions\/51"}],"wp:attachment":[{"href":"https:\/\/dontworryeatcurry.ch\/blog\/index.php?rest_route=%2Fwp%2Fv2%2Fmedia&parent=2"}],"curies":[{"name":"wp","href":"https:\/\/api.w.org\/{rel}","templated":true}]}}