{"id":93,"date":"2012-12-04T20:46:56","date_gmt":"2012-12-04T20:46:56","guid":{"rendered":"http:\/\/dontworryeatcurry.ch\/blog\/?page_id=93"},"modified":"2012-12-21T18:30:19","modified_gmt":"2012-12-21T18:30:19","slug":"sponsors-2","status":"publish","type":"page","link":"https:\/\/dontworryeatcurry.ch\/blog\/?page_id=93","title":{"rendered":"Sponsors"},"content":{"rendered":"<p>Im Namen von Frank Water danken wir folgenden Spendern<\/p>\n<table width=\"241\" border=\"0\" cellspacing=\"0\" cellpadding=\"0\">\n<colgroup>\n<col width=\"104\" \/>\n<col width=\"137\" \/> <\/colgroup>\n<tbody>\n<tr>\n<td width=\"104\" height=\"17\">Dani<\/td>\n<td width=\"137\">Lucchetta<\/td>\n<\/tr>\n<tr>\n<td height=\"19\">Cora<\/td>\n<td>Ruoss<\/td>\n<\/tr>\n<tr>\n<td height=\"19\">Majbritt<\/td>\n<td>Giezendanner<\/td>\n<\/tr>\n<tr>\n<td height=\"19\">Philippe Daniel<\/td>\n<td>M\u00fcller<\/td>\n<\/tr>\n<tr>\n<td height=\"19\">Markus<\/td>\n<td>Weiss<\/td>\n<\/tr>\n<tr>\n<td height=\"19\">Alexandra<\/td>\n<td>Helbling<\/td>\n<\/tr>\n<tr>\n<td height=\"19\">Annina &amp; Roger<\/td>\n<td>R\u00fcegg<\/td>\n<\/tr>\n<tr>\n<td height=\"19\">Walo<\/td>\n<td>Berger<\/td>\n<\/tr>\n<tr>\n<td height=\"19\">Alexandra<\/td>\n<td>Billeter<\/td>\n<\/tr>\n<tr>\n<td height=\"19\">Daniel<\/td>\n<td>Gr\u00fcneisen<\/td>\n<\/tr>\n<tr>\n<td height=\"19\">Enrico<\/td>\n<td>Friz<\/td>\n<\/tr>\n<tr>\n<td height=\"19\">Janko<\/td>\n<td>Meier<\/td>\n<\/tr>\n<tr>\n<td height=\"19\">Peter<\/td>\n<td>Camenzind<\/td>\n<\/tr>\n<tr>\n<td height=\"19\">Daniel<\/td>\n<td>dal Santo<\/td>\n<\/tr>\n<tr>\n<td height=\"19\">Suzan<\/td>\n<td>Bachofen<\/td>\n<\/tr>\n<tr>\n<td height=\"19\">Markus<\/td>\n<td>L\u00e4ubli<\/td>\n<\/tr>\n<tr>\n<td height=\"19\">Marc<\/td>\n<td>Zemp<\/td>\n<\/tr>\n<tr>\n<td height=\"19\">Ariane<\/td>\n<td>Planzer<\/td>\n<\/tr>\n<tr>\n<td height=\"19\">Patrik<\/td>\n<td>Planzer<\/td>\n<\/tr>\n<tr>\n<td height=\"19\">Annouk<\/td>\n<td>Planzer<\/td>\n<\/tr>\n<tr>\n<td height=\"19\">Dominik<\/td>\n<td>Planzer<\/td>\n<\/tr>\n<tr>\n<td height=\"19\">Heide<\/td>\n<td>Suderow<\/td>\n<\/tr>\n<tr>\n<td height=\"19\">Daniel<\/td>\n<td>Pf\u00e4ndler<\/td>\n<\/tr>\n<tr>\n<td height=\"19\">Tina<\/td>\n<td>G\u00fcndling<\/td>\n<\/tr>\n<tr>\n<td height=\"19\">Johannes<\/td>\n<td>Isenmann<\/td>\n<\/tr>\n<tr>\n<td height=\"19\">Raoul<\/td>\n<td>Kriesi<\/td>\n<\/tr>\n<tr>\n<td height=\"19\">Delia<\/td>\n<td>Halder<\/td>\n<\/tr>\n<tr>\n<td height=\"19\">Zeno<\/td>\n<td>Bauer<\/td>\n<\/tr>\n<tr>\n<td height=\"19\">Michael<\/td>\n<td>Hering<\/td>\n<\/tr>\n<tr>\n<td height=\"19\">Michael<\/td>\n<td>Fischer<\/td>\n<\/tr>\n<tr>\n<td height=\"19\">Simone<\/td>\n<td>Bolleter<\/td>\n<\/tr>\n<tr>\n<td height=\"19\">Ruth<\/td>\n<td>Mojentale-Baumann<\/td>\n<\/tr>\n<tr>\n<td height=\"19\">Lea<\/td>\n<td>Klipfel<\/td>\n<\/tr>\n<tr>\n<td height=\"19\">Luki<\/td>\n<td>Klipfel<\/td>\n<\/tr>\n<tr>\n<td height=\"19\">Dani<\/td>\n<td>Garas<\/td>\n<\/tr>\n<tr>\n<td height=\"19\">Doris<\/td>\n<td>Berner<\/td>\n<\/tr>\n<tr>\n<td height=\"19\">Pia<\/td>\n<td>Di Vincencio<\/td>\n<\/tr>\n<tr>\n<td height=\"19\">Stefan<\/td>\n<td>Holbein<\/td>\n<\/tr>\n<tr>\n<td height=\"19\">Melanie<\/td>\n<td>Staffelbach<\/td>\n<\/tr>\n<tr>\n<td height=\"19\">Daniel<\/td>\n<td>L\u00e4tsch<\/td>\n<\/tr>\n<tr>\n<td height=\"19\">Daniel<\/td>\n<td>Krauer<\/td>\n<\/tr>\n<tr>\n<td height=\"19\">Suzan<\/td>\n<td>Bingham<\/td>\n<\/tr>\n<tr>\n<td height=\"19\">Markus<\/td>\n<td>Sigrist<\/td>\n<\/tr>\n<tr>\n<td height=\"19\">Tobias<\/td>\n<td>Steiner<\/td>\n<\/tr>\n<\/tbody>\n<\/table>\n","protected":false},"excerpt":{"rendered":"<p>Im Namen von Frank Water danken wir folgenden Spendern Dani Lucchetta Cora Ruoss Majbritt Giezendanner Philippe Daniel M\u00fcller Markus Weiss Alexandra Helbling Annina &amp; Roger R\u00fcegg Walo Berger Alexandra Billeter Daniel Gr\u00fcneisen Enrico Friz Janko Meier Peter Camenzind Daniel dal Santo Suzan Bachofen Markus L\u00e4ubli Marc Zemp Ariane Planzer Patrik Planzer Annouk Planzer Dominik Planzer [&hellip;]<\/p>\n","protected":false},"author":3,"featured_media":0,"parent":0,"menu_order":0,"comment_status":"open","ping_status":"open","template":"","meta":[],"_links":{"self":[{"href":"https:\/\/dontworryeatcurry.ch\/blog\/index.php?rest_route=\/wp\/v2\/pages\/93"}],"collection":[{"href":"https:\/\/dontworryeatcurry.ch\/blog\/index.php?rest_route=\/wp\/v2\/pages"}],"about":[{"href":"https:\/\/dontworryeatcurry.ch\/blog\/index.php?rest_route=\/wp\/v2\/types\/page"}],"author":[{"embeddable":true,"href":"https:\/\/dontworryeatcurry.ch\/blog\/index.php?rest_route=\/wp\/v2\/users\/3"}],"replies":[{"embeddable":true,"href":"https:\/\/dontworryeatcurry.ch\/blog\/index.php?rest_route=%2Fwp%2Fv2%2Fcomments&post=93"}],"version-history":[{"count":11,"href":"https:\/\/dontworryeatcurry.ch\/blog\/index.php?rest_route=\/wp\/v2\/pages\/93\/revisions"}],"predecessor-version":[{"id":145,"href":"https:\/\/dontworryeatcurry.ch\/blog\/index.php?rest_route=\/wp\/v2\/pages\/93\/revisions\/145"}],"wp:attachment":[{"href":"https:\/\/dontworryeatcurry.ch\/blog\/index.php?rest_route=%2Fwp%2Fv2%2Fmedia&parent=93"}],"curies":[{"name":"wp","href":"https:\/\/api.w.org\/{rel}","templated":true}]}}